{"id":463,"date":"2026-04-23T08:56:38","date_gmt":"2026-04-23T06:56:38","guid":{"rendered":"https:\/\/schepens.fr\/?page_id=463"},"modified":"2026-04-23T08:59:56","modified_gmt":"2026-04-23T06:59:56","slug":"partenaire-challenge-raid-2026","status":"publish","type":"page","link":"https:\/\/schepens.fr\/index.php\/partenaire-challenge-raid-2026\/","title":{"rendered":"Partenaire Challenge RAID 2026"},"content":{"rendered":"\n<p class=\"has-text-align-center\" style=\"font-style:normal;font-weight:600\">Depuis 2024 les soci\u00e9t\u00e9s SCHEPENS D\u00c9CORATION et RUDANT &amp;FILS du Groupe AMRAN sponsorisent le Challenge Raid ADJ<\/p>\n\n\n<div class=\"wp-block-image\">\n<figure class=\"aligncenter size-full is-resized\"><a href=\"https:\/\/www.association-loisirs-jeunes.com\/challenge-raid\"><img loading=\"lazy\" decoding=\"async\" width=\"609\" height=\"873\" src=\"https:\/\/schepens.fr\/wp-content\/uploads\/2026\/04\/AfficheRaid2026.jpg\" alt=\"\" class=\"wp-image-464\" style=\"width:562px;height:auto\" srcset=\"https:\/\/schepens.fr\/wp-content\/uploads\/2026\/04\/AfficheRaid2026.jpg 609w, https:\/\/schepens.fr\/wp-content\/uploads\/2026\/04\/AfficheRaid2026-209x300.jpg 209w\" sizes=\"auto, (max-width: 609px) 100vw, 609px\" \/><\/a><\/figure>\n<\/div>","protected":false},"excerpt":{"rendered":"<p>Depuis 2024 les soci\u00e9t\u00e9s SCHEPENS D\u00c9CORATION et RUDANT &amp;FILS du Groupe AMRAN sponsorisent le Challenge Raid ADJ<\/p>\n","protected":false},"author":2,"featured_media":0,"parent":0,"menu_order":0,"comment_status":"closed","ping_status":"closed","template":"","meta":{"footnotes":""},"class_list":["post-463","page","type-page","status-publish","hentry"],"yoast_head":"<!-- This site is optimized with the Yoast SEO plugin v25.3 - https:\/\/yoast.com\/wordpress\/plugins\/seo\/ -->\n<title>Partenaire Challenge RAID 2026 - Schepens D\u00e9coration<\/title>\n<meta name=\"robots\" content=\"index, follow, max-snippet:-1, max-image-preview:large, max-video-preview:-1\" \/>\n<link rel=\"canonical\" href=\"https:\/\/schepens.fr\/index.php\/partenaire-challenge-raid-2026\/\" \/>\n<meta property=\"og:locale\" content=\"fr_FR\" \/>\n<meta property=\"og:type\" content=\"article\" \/>\n<meta property=\"og:title\" content=\"Partenaire Challenge RAID 2026 - Schepens D\u00e9coration\" \/>\n<meta property=\"og:description\" content=\"Depuis 2024 les soci\u00e9t\u00e9s SCHEPENS D\u00c9CORATION et RUDANT &amp;FILS du Groupe AMRAN sponsorisent le Challenge Raid ADJ\" \/>\n<meta property=\"og:url\" content=\"https:\/\/schepens.fr\/index.php\/partenaire-challenge-raid-2026\/\" \/>\n<meta property=\"og:site_name\" content=\"Schepens D\u00e9coration\" \/>\n<meta property=\"article:modified_time\" content=\"2026-04-23T06:59:56+00:00\" \/>\n<meta property=\"og:image\" content=\"https:\/\/schepens.fr\/wp-content\/uploads\/2026\/04\/AfficheRaid2026.jpg\" \/>\n\t<meta property=\"og:image:width\" content=\"609\" \/>\n\t<meta property=\"og:image:height\" content=\"873\" \/>\n\t<meta property=\"og:image:type\" content=\"image\/jpeg\" \/>\n<meta name=\"twitter:card\" content=\"summary_large_image\" \/>\n<meta name=\"twitter:label1\" content=\"Dur\u00e9e de lecture estim\u00e9e\" \/>\n\t<meta name=\"twitter:data1\" content=\"1 minute\" \/>\n<script type=\"application\/ld+json\" class=\"yoast-schema-graph\">{\"@context\":\"https:\/\/schema.org\",\"@graph\":[{\"@type\":\"WebPage\",\"@id\":\"https:\/\/schepens.fr\/index.php\/partenaire-challenge-raid-2026\/\",\"url\":\"https:\/\/schepens.fr\/index.php\/partenaire-challenge-raid-2026\/\",\"name\":\"Partenaire Challenge RAID 2026 - Schepens D\u00e9coration\",\"isPartOf\":{\"@id\":\"https:\/\/schepens.fr\/#website\"},\"primaryImageOfPage\":{\"@id\":\"https:\/\/schepens.fr\/index.php\/partenaire-challenge-raid-2026\/#primaryimage\"},\"image\":{\"@id\":\"https:\/\/schepens.fr\/index.php\/partenaire-challenge-raid-2026\/#primaryimage\"},\"thumbnailUrl\":\"https:\/\/schepens.fr\/wp-content\/uploads\/2026\/04\/AfficheRaid2026.jpg\",\"datePublished\":\"2026-04-23T06:56:38+00:00\",\"dateModified\":\"2026-04-23T06:59:56+00:00\",\"breadcrumb\":{\"@id\":\"https:\/\/schepens.fr\/index.php\/partenaire-challenge-raid-2026\/#breadcrumb\"},\"inLanguage\":\"fr-FR\",\"potentialAction\":[{\"@type\":\"ReadAction\",\"target\":[\"https:\/\/schepens.fr\/index.php\/partenaire-challenge-raid-2026\/\"]}]},{\"@type\":\"ImageObject\",\"inLanguage\":\"fr-FR\",\"@id\":\"https:\/\/schepens.fr\/index.php\/partenaire-challenge-raid-2026\/#primaryimage\",\"url\":\"https:\/\/schepens.fr\/wp-content\/uploads\/2026\/04\/AfficheRaid2026.jpg\",\"contentUrl\":\"https:\/\/schepens.fr\/wp-content\/uploads\/2026\/04\/AfficheRaid2026.jpg\",\"width\":609,\"height\":873},{\"@type\":\"BreadcrumbList\",\"@id\":\"https:\/\/schepens.fr\/index.php\/partenaire-challenge-raid-2026\/#breadcrumb\",\"itemListElement\":[{\"@type\":\"ListItem\",\"position\":1,\"name\":\"Accueil\",\"item\":\"https:\/\/schepens.fr\/\"},{\"@type\":\"ListItem\",\"position\":2,\"name\":\"Partenaire Challenge RAID 2026\"}]},{\"@type\":\"WebSite\",\"@id\":\"https:\/\/schepens.fr\/#website\",\"url\":\"https:\/\/schepens.fr\/\",\"name\":\"Schepens D\u00e9coration\",\"description\":\"Peinture et D\u00e9coration\",\"publisher\":{\"@id\":\"https:\/\/schepens.fr\/#organization\"},\"potentialAction\":[{\"@type\":\"SearchAction\",\"target\":{\"@type\":\"EntryPoint\",\"urlTemplate\":\"https:\/\/schepens.fr\/?s={search_term_string}\"},\"query-input\":{\"@type\":\"PropertyValueSpecification\",\"valueRequired\":true,\"valueName\":\"search_term_string\"}}],\"inLanguage\":\"fr-FR\"},{\"@type\":\"Organization\",\"@id\":\"https:\/\/schepens.fr\/#organization\",\"name\":\"Schepens D\u00e9coration\",\"url\":\"https:\/\/schepens.fr\/\",\"logo\":{\"@type\":\"ImageObject\",\"inLanguage\":\"fr-FR\",\"@id\":\"https:\/\/schepens.fr\/#\/schema\/logo\/image\/\",\"url\":\"https:\/\/schepens.fr\/wp-content\/uploads\/2024\/03\/cropped-logo-Schepens-2024-Fond-Blanc.png\",\"contentUrl\":\"https:\/\/schepens.fr\/wp-content\/uploads\/2024\/03\/cropped-logo-Schepens-2024-Fond-Blanc.png\",\"width\":250,\"height\":121,\"caption\":\"Schepens D\u00e9coration\"},\"image\":{\"@id\":\"https:\/\/schepens.fr\/#\/schema\/logo\/image\/\"},\"sameAs\":[\"https:\/\/www.linkedin.com\/company\/102146371\/admin\/dashboard\/\"]}]}<\/script>\n<!-- \/ Yoast SEO plugin. -->","yoast_head_json":{"title":"Partenaire Challenge RAID 2026 - Schepens D\u00e9coration","robots":{"index":"index","follow":"follow","max-snippet":"max-snippet:-1","max-image-preview":"max-image-preview:large","max-video-preview":"max-video-preview:-1"},"canonical":"https:\/\/schepens.fr\/index.php\/partenaire-challenge-raid-2026\/","og_locale":"fr_FR","og_type":"article","og_title":"Partenaire Challenge RAID 2026 - Schepens D\u00e9coration","og_description":"Depuis 2024 les soci\u00e9t\u00e9s SCHEPENS D\u00c9CORATION et RUDANT &amp;FILS du Groupe AMRAN sponsorisent le Challenge Raid ADJ","og_url":"https:\/\/schepens.fr\/index.php\/partenaire-challenge-raid-2026\/","og_site_name":"Schepens D\u00e9coration","article_modified_time":"2026-04-23T06:59:56+00:00","og_image":[{"width":609,"height":873,"url":"https:\/\/schepens.fr\/wp-content\/uploads\/2026\/04\/AfficheRaid2026.jpg","type":"image\/jpeg"}],"twitter_card":"summary_large_image","twitter_misc":{"Dur\u00e9e de lecture estim\u00e9e":"1 minute"},"schema":{"@context":"https:\/\/schema.org","@graph":[{"@type":"WebPage","@id":"https:\/\/schepens.fr\/index.php\/partenaire-challenge-raid-2026\/","url":"https:\/\/schepens.fr\/index.php\/partenaire-challenge-raid-2026\/","name":"Partenaire Challenge RAID 2026 - Schepens D\u00e9coration","isPartOf":{"@id":"https:\/\/schepens.fr\/#website"},"primaryImageOfPage":{"@id":"https:\/\/schepens.fr\/index.php\/partenaire-challenge-raid-2026\/#primaryimage"},"image":{"@id":"https:\/\/schepens.fr\/index.php\/partenaire-challenge-raid-2026\/#primaryimage"},"thumbnailUrl":"https:\/\/schepens.fr\/wp-content\/uploads\/2026\/04\/AfficheRaid2026.jpg","datePublished":"2026-04-23T06:56:38+00:00","dateModified":"2026-04-23T06:59:56+00:00","breadcrumb":{"@id":"https:\/\/schepens.fr\/index.php\/partenaire-challenge-raid-2026\/#breadcrumb"},"inLanguage":"fr-FR","potentialAction":[{"@type":"ReadAction","target":["https:\/\/schepens.fr\/index.php\/partenaire-challenge-raid-2026\/"]}]},{"@type":"ImageObject","inLanguage":"fr-FR","@id":"https:\/\/schepens.fr\/index.php\/partenaire-challenge-raid-2026\/#primaryimage","url":"https:\/\/schepens.fr\/wp-content\/uploads\/2026\/04\/AfficheRaid2026.jpg","contentUrl":"https:\/\/schepens.fr\/wp-content\/uploads\/2026\/04\/AfficheRaid2026.jpg","width":609,"height":873},{"@type":"BreadcrumbList","@id":"https:\/\/schepens.fr\/index.php\/partenaire-challenge-raid-2026\/#breadcrumb","itemListElement":[{"@type":"ListItem","position":1,"name":"Accueil","item":"https:\/\/schepens.fr\/"},{"@type":"ListItem","position":2,"name":"Partenaire Challenge RAID 2026"}]},{"@type":"WebSite","@id":"https:\/\/schepens.fr\/#website","url":"https:\/\/schepens.fr\/","name":"Schepens D\u00e9coration","description":"Peinture et D\u00e9coration","publisher":{"@id":"https:\/\/schepens.fr\/#organization"},"potentialAction":[{"@type":"SearchAction","target":{"@type":"EntryPoint","urlTemplate":"https:\/\/schepens.fr\/?s={search_term_string}"},"query-input":{"@type":"PropertyValueSpecification","valueRequired":true,"valueName":"search_term_string"}}],"inLanguage":"fr-FR"},{"@type":"Organization","@id":"https:\/\/schepens.fr\/#organization","name":"Schepens D\u00e9coration","url":"https:\/\/schepens.fr\/","logo":{"@type":"ImageObject","inLanguage":"fr-FR","@id":"https:\/\/schepens.fr\/#\/schema\/logo\/image\/","url":"https:\/\/schepens.fr\/wp-content\/uploads\/2024\/03\/cropped-logo-Schepens-2024-Fond-Blanc.png","contentUrl":"https:\/\/schepens.fr\/wp-content\/uploads\/2024\/03\/cropped-logo-Schepens-2024-Fond-Blanc.png","width":250,"height":121,"caption":"Schepens D\u00e9coration"},"image":{"@id":"https:\/\/schepens.fr\/#\/schema\/logo\/image\/"},"sameAs":["https:\/\/www.linkedin.com\/company\/102146371\/admin\/dashboard\/"]}]}},"_links":{"self":[{"href":"https:\/\/schepens.fr\/index.php\/wp-json\/wp\/v2\/pages\/463","targetHints":{"allow":["GET"]}}],"collection":[{"href":"https:\/\/schepens.fr\/index.php\/wp-json\/wp\/v2\/pages"}],"about":[{"href":"https:\/\/schepens.fr\/index.php\/wp-json\/wp\/v2\/types\/page"}],"author":[{"embeddable":true,"href":"https:\/\/schepens.fr\/index.php\/wp-json\/wp\/v2\/users\/2"}],"replies":[{"embeddable":true,"href":"https:\/\/schepens.fr\/index.php\/wp-json\/wp\/v2\/comments?post=463"}],"version-history":[{"count":2,"href":"https:\/\/schepens.fr\/index.php\/wp-json\/wp\/v2\/pages\/463\/revisions"}],"predecessor-version":[{"id":467,"href":"https:\/\/schepens.fr\/index.php\/wp-json\/wp\/v2\/pages\/463\/revisions\/467"}],"wp:attachment":[{"href":"https:\/\/schepens.fr\/index.php\/wp-json\/wp\/v2\/media?parent=463"}],"curies":[{"name":"wp","href":"https:\/\/api.w.org\/{rel}","templated":true}]}}